{"id":196,"date":"2022-10-30T00:27:00","date_gmt":"2022-10-30T00:27:00","guid":{"rendered":"https:\/\/mlfweb.co.uk\/?page_id=196"},"modified":"2026-01-21T13:44:32","modified_gmt":"2026-01-21T13:44:32","slug":"experience","status":"publish","type":"page","link":"https:\/\/mlfweb.co.uk\/br\/experience\/","title":{"rendered":"Experi\u00eancia"},"content":{"rendered":"<p>Com mais de vinte anos de experi\u00eancia em design web e desenvolvimento frontend, cresci junto com o cen\u00e1rio digital \u2014 adaptando-me a novas tecnologias e tend\u00eancias desde os prim\u00f3rdios da internet. Essa evolu\u00e7\u00e3o moldou minha abordagem na cria\u00e7\u00e3o de experi\u00eancias digitais intuitivas e de alta qualidade, por meio do aprendizado cont\u00ednuo e da inova\u00e7\u00e3o.<\/p>\n\n\n\n<h3 class=\"wp-block-heading\">Estes s\u00e3o os lugares por onde passei<\/h3>\n\n\n\n<p class=\"date\">09\/2023 &#8211; 12\/2025 \u2013 <strong>Sky Creative<\/strong> \u2013 London, UK<\/p>\n\n\n\n<p class=\"work\"><strong>Ad Display Developer<\/strong><\/p>\n\n\n\n<p class=\"desc\">Atuei no desenvolvimento de banners para display e redes sociais, com integra\u00e7\u00f5es frontend para campanhas em v\u00eddeo nas plataformas Google DoubleClick Studio, Flash Talking e Innovid Imposium. Entreguei campanhas para Meta e YouTube para marcas como Sky Sports e Sky Cinema. Criei templates reutiliz\u00e1veis em JavaScript para atualiza\u00e7\u00f5es din\u00e2micas e editei assets de v\u00eddeo no After Effects para uso dentro desses templates.<\/p>\n\n\n\n<p class=\"date\">02\/2022 &#8211; 09\/2023 \u2013 <strong>Network London<\/strong> \u2013 London, UK<\/p>\n\n\n\n<p class=\"work\"><strong>Digital Developer<\/strong><\/p>\n\n\n\n<p class=\"desc\">Fui respons\u00e1vel pela cria\u00e7\u00e3o e desenvolvimento de banners web utilizando a plataforma Bannerflow, que permitia a produ\u00e7\u00e3o r\u00e1pida de grandes volumes de banners por meio de efeitos pr\u00e9-configurados. Atuei na produ\u00e7\u00e3o de assets em Photoshop (imagens) e After Effects (v\u00eddeos mp4), al\u00e9m do desenvolvimento de widgets em HTML, CSS e JavaScript para uso no Bannerflow. Tamb\u00e9m desenvolvi anima\u00e7\u00f5es mais complexas com Adobe Animate e a biblioteca JavaScript GreenSock, criando landing pages para cada campanha dentro da plataforma.<\/p>\n\n\n\n<p class=\"date\">07\/2018 \u2013 01\/2022 &#8211; <strong>White Label Productions<\/strong> \u2013 London, UK<\/p>\n\n\n\n<p class=\"work\"><strong>Creative Frontend Developer<\/strong><\/p>\n\n\n\n<p class=\"desc\">Trabalhei em uma s\u00e9rie de atividades relacionadas \u00e0 cria\u00e7\u00e3o e produ\u00e7\u00e3o de conte\u00fado digital para um grupo variado de clientes. Desde design de websites at\u00e9 desenvolvimento frontend de temas personalizados para WordPress; anima\u00e7\u00f5es de banners HTML5 utilizando tanto anima\u00e7\u00f5es CSS com keyframes quanto Adobe Animate; design e desenvolvimento de e-mails por meio de plataformas como Mailchimp e Litmus; edi\u00e7\u00e3o de v\u00eddeos para web e aplica\u00e7\u00f5es como Instagram utilizando After Effects e Adobe Premiere; al\u00e9m de desenvolvimento frontend para e-commerce utilizando a plataforma Oracle CX Commerce.<\/p>\n\n\n\n<p class=\"date\">07\/2015 \u2013 04\/2018 \u2013 <strong>Paquet\u00e1 The Shoe Company<\/strong> \u2013 Porto Alegre, RS<\/p>\n\n\n\n<p class=\"work\"><strong>Senior Web Designer and Frontend Developer<\/strong><\/p>\n\n\n\n<p class=\"desc\">Atuei como principal web designer e desenvolvedor frontend interno na divis\u00e3o de e-commerce de uma das maiores corpora\u00e7\u00f5es do setor cal\u00e7adista no Brasil. Fui respons\u00e1vel pela cria\u00e7\u00e3o e desenvolvimento de interfaces web para atender \u00e0s seis lojas online da empresa e a todo o seu p\u00fablico diversificado, abrangendo desde moda r\u00e1pida popular at\u00e9 varejo esportivo em geral e alta moda em cal\u00e7ados femininos e masculinos.<\/p>\n\n\n\n<p class=\"date\">07\/2013 \u2013 05\/2015 \u2013 <strong>Solar Digital<\/strong> \u2013 Porto Alegre, RS<\/p>\n\n\n\n<p class=\"work\"><strong>Senior Web Designer and Frontend Developer<\/strong><\/p>\n\n\n\n<p class=\"desc\">Working with WordPress, I was in charge of design concepts and frontend development for professional\u2019s websites, mainly. Using custom themes and custom post types we tailored the pages fostering their web presence. It also involved research about the local digital market and audience and aimed to place them on top of the organic results on google search pages. I also got involved with the SEO process and content definitions.<\/p>\n\n\n\n<p class=\"date\">02\/2014 \u2013 07\/2014 \u2013 <strong>Object Edge Brasil<\/strong> \u2013 Porto Alegre, RS<\/p>\n\n\n\n<p class=\"work\"><strong>Free-lancer Frontend Developer<\/strong><\/p>\n\n\n\n<p class=\"desc\">Por um curto per\u00edodo, atuei como desenvolvedor frontend focado em dispositivos m\u00f3veis, utilizando a tecnologia da corpora\u00e7\u00e3o norte-americana MoovWeb para adapta\u00e7\u00e3o de websites a dispositivos m\u00f3veis. Estava alocado na Object Edge Brasil, atendendo principalmente clientes de e-commerce dos Estados Unidos.<\/p>\n\n\n\n<p class=\"date\">03\/2012 \u2013 10\/2012 \u2013 <strong>Winona E Solutions<\/strong> \u2013 London, UK<\/p>\n\n\n\n<p class=\"work\"><strong>Web Designer\/Frontend Developer<\/strong><\/p>\n\n\n\n<p class=\"desc\">In this busy digital agency in London I was in the mix of creation and frontend development for web sites in both mobile and desktop versions, mostly supporting the senior designer. Among the clients were: British Fashion Council (London Fashion Week 2012 \u2013 London Collections 2012), League Against Cruel Sports, Florid, St. Michael\u2019s Fellowship Foundation, Gingerbread, Taste of London and others.<\/p>\n\n\n\n<p class=\"date\">07\/2010 \u2013 09\/2011 \u2013 <strong>Pontif\u00edcia Universidade Cat\u00f3lica do Rio Grande do Sul<\/strong> &#8211; Porto Alegre-RS, Brazil<\/p>\n\n\n\n<p class=\"work\"><strong>Web Designer\/Frontend Developer<\/strong><\/p>\n\n\n\n<p class=\"desc\">Desenvolvi conceitos de design e realizei o desenvolvimento frontend de hotsites, landing pages e e-mail marketing para cursos de P\u00f3s-Gradua\u00e7\u00e3o e Extens\u00e3o de uma das maiores universidades do sul do Brasil.<\/p>\n\n\n\n<p class=\"date\">04\/2006 \u2013 06\/2010 \u2013 <strong>Rede Metodista de Educa\u00e7\u00e3o do Sul<\/strong> &#8211; Porto Alegre-RS, Brazil<\/p>\n\n\n\n<p class=\"work\"><strong>Web Designer\/Frontend Developer<\/strong><\/p>\n\n\n\n<p class=\"desc\">Durante quatro anos, atuei como principal web designer desta Institui\u00e7\u00e3o Educacional Metodista, criando diversos conceitos digitais e desenvolvendo p\u00e1ginas online.<\/p>","protected":false},"excerpt":{"rendered":"<p>With over twenty years of experience in web design and frontend development, I\u2019ve grown alongside the digital landscape \u2014 adapting to new technologies and trends since the early days of the internet. This evolution has shaped my approach to creating intuitive, high-quality digital experiences through continuous learning and innovation. See below where I have worked [&hellip;]<\/p>","protected":false},"author":1,"featured_media":0,"parent":0,"menu_order":0,"comment_status":"closed","ping_status":"closed","template":"","meta":{"_acf_changed":false,"footnotes":""},"class_list":["post-196","page","type-page","status-publish","hentry"],"acf":[],"_links":{"self":[{"href":"https:\/\/mlfweb.co.uk\/br\/wp-json\/wp\/v2\/pages\/196","targetHints":{"allow":["GET"]}}],"collection":[{"href":"https:\/\/mlfweb.co.uk\/br\/wp-json\/wp\/v2\/pages"}],"about":[{"href":"https:\/\/mlfweb.co.uk\/br\/wp-json\/wp\/v2\/types\/page"}],"author":[{"embeddable":true,"href":"https:\/\/mlfweb.co.uk\/br\/wp-json\/wp\/v2\/users\/1"}],"replies":[{"embeddable":true,"href":"https:\/\/mlfweb.co.uk\/br\/wp-json\/wp\/v2\/comments?post=196"}],"version-history":[{"count":15,"href":"https:\/\/mlfweb.co.uk\/br\/wp-json\/wp\/v2\/pages\/196\/revisions"}],"predecessor-version":[{"id":557,"href":"https:\/\/mlfweb.co.uk\/br\/wp-json\/wp\/v2\/pages\/196\/revisions\/557"}],"wp:attachment":[{"href":"https:\/\/mlfweb.co.uk\/br\/wp-json\/wp\/v2\/media?parent=196"}],"curies":[{"name":"wp","href":"https:\/\/api.w.org\/{rel}","templated":true}]}}